{"id":3121,"date":"2019-12-01T12:45:17","date_gmt":"2019-12-01T12:45:17","guid":{"rendered":"https:\/\/www.sstexteislar.com\/contact\/"},"modified":"2023-08-28T14:17:11","modified_gmt":"2023-08-28T14:17:11","slug":"contact","status":"publish","type":"page","link":"https:\/\/www.sstexteislar.com\/en\/contact\/","title":{"rendered":"Contact"},"content":{"rendered":"\t\t<div data-elementor-type=\"wp-page\" data-elementor-id=\"3121\" class=\"elementor elementor-3121 elementor-1259\">\n\t\t\t\t\t\t\t\t\t<section class=\"elementor-section elementor-top-section elementor-element elementor-element-74ead494 rey-flexWrap elementor-section-boxed elementor-section-gap-default elementor-section-height-default elementor-section-height-default\" data-id=\"74ead494\" data-element_type=\"section\">\n\t\t\t\t\t\t<div class=\"elementor-container elementor-column-gap-default\">\n\t\t\t\t\t<div class=\"elementor-column elementor-col-25 elementor-top-column elementor-element elementor-element-72a4b562\" data-id=\"72a4b562\" data-element_type=\"column\">\n\t\t\t<div class=\"elementor-column-wrap--72a4b562 elementor-widget-wrap elementor-element-populated\">\n\t\t\t\t\t\t\t\t<div class=\"elementor-element elementor-element-7fca54a5 elementor-widget elementor-widget-heading\" data-id=\"7fca54a5\" data-element_type=\"widget\" data-widget_type=\"heading.default\">\n\t\t\t\t<div class=\"elementor-widget-container\">\n\t\t\t<style>\/*! elementor - v3.15.0 - 20-08-2023 *\/\n.elementor-heading-title{padding:0;margin:0;line-height:1}.elementor-widget-heading .elementor-heading-title[class*=elementor-size-]>a{color:inherit;font-size:inherit;line-height:inherit}.elementor-widget-heading .elementor-heading-title.elementor-size-small{font-size:15px}.elementor-widget-heading .elementor-heading-title.elementor-size-medium{font-size:19px}.elementor-widget-heading .elementor-heading-title.elementor-size-large{font-size:29px}.elementor-widget-heading .elementor-heading-title.elementor-size-xl{font-size:39px}.elementor-widget-heading .elementor-heading-title.elementor-size-xxl{font-size:59px}<\/style><h3 class=\"elementor-heading-title elementor-size-default\">Contact us<\/h3>\t\t<\/div>\n\t\t\t\t<\/div>\n\t\t\t\t\t<\/div>\n\t\t<\/div>\n\t\t\t\t<div class=\"elementor-column elementor-col-25 elementor-top-column elementor-element elementor-element-3a5eb5ed\" data-id=\"3a5eb5ed\" data-element_type=\"column\">\n\t\t\t<div class=\"elementor-column-wrap--3a5eb5ed elementor-widget-wrap elementor-element-populated\">\n\t\t\t\t\t\t\t\t<div class=\"elementor-element elementor-element-334b3ca0 elementor-widget elementor-widget-heading\" data-id=\"334b3ca0\" data-element_type=\"widget\" data-widget_type=\"heading.default\">\n\t\t\t\t<div class=\"elementor-widget-container\">\n\t\t\t<h3 class=\"elementor-heading-title elementor-size-default\">Address<\/h3>\t\t<\/div>\n\t\t\t\t<\/div>\n\t\t\t\t<div class=\"elementor-element elementor-element-6e88a6e5 u-links-anim-ul elementor-widget elementor-widget-text-editor\" data-id=\"6e88a6e5\" data-element_type=\"widget\" data-widget_type=\"text-editor.default\">\n\t\t\t\t<div class=\"elementor-widget-container\">\n\t\t\t<style>\/*! elementor - v3.15.0 - 20-08-2023 *\/\n.elementor-widget-text-editor.elementor-drop-cap-view-stacked .elementor-drop-cap{background-color:#69727d;color:#fff}.elementor-widget-text-editor.elementor-drop-cap-view-framed .elementor-drop-cap{color:#69727d;border:3px solid;background-color:transparent}.elementor-widget-text-editor:not(.elementor-drop-cap-view-default) .elementor-drop-cap{margin-top:8px}.elementor-widget-text-editor:not(.elementor-drop-cap-view-default) .elementor-drop-cap-letter{width:1em;height:1em}.elementor-widget-text-editor .elementor-drop-cap{float:left;text-align:center;line-height:1;font-size:50px}.elementor-widget-text-editor .elementor-drop-cap-letter{display:inline-block}<\/style>\t\t\t\t<p>Rua das Fontelas, 53<br \/>4590-229 Pa\u00e7os de Ferreira<\/p>\n\t\t\t\t\t\t<\/div>\n\t\t\t\t<\/div>\n\t\t\t\t\t<\/div>\n\t\t<\/div>\n\t\t\t\t<div class=\"elementor-column elementor-col-25 elementor-top-column elementor-element elementor-element-759906c0\" data-id=\"759906c0\" data-element_type=\"column\">\n\t\t\t<div class=\"elementor-column-wrap--759906c0 elementor-widget-wrap elementor-element-populated\">\n\t\t\t\t\t\t\t\t<div class=\"elementor-element elementor-element-284de8aa elementor-widget elementor-widget-heading\" data-id=\"284de8aa\" data-element_type=\"widget\" data-widget_type=\"heading.default\">\n\t\t\t\t<div class=\"elementor-widget-container\">\n\t\t\t<h3 class=\"elementor-heading-title elementor-size-default\">Support<\/h3>\t\t<\/div>\n\t\t\t\t<\/div>\n\t\t\t\t<div class=\"elementor-element elementor-element-32d99a51 u-links-anim-ul elementor-widget elementor-widget-text-editor\" data-id=\"32d99a51\" data-element_type=\"widget\" data-widget_type=\"text-editor.default\">\n\t\t\t\t<div class=\"elementor-widget-container\">\n\t\t\t\t\t\t\t<p><a href=\"mailto:geral@sstexteislar.com\">geral@sstexteislar.com<br \/>soniasilvia@sapo.pt<\/a><\/p>\n\t\t\t\t\t\t<\/div>\n\t\t\t\t<\/div>\n\t\t\t\t\t<\/div>\n\t\t<\/div>\n\t\t\t\t<div class=\"elementor-column elementor-col-25 elementor-top-column elementor-element elementor-element-22c2d17f\" data-id=\"22c2d17f\" data-element_type=\"column\">\n\t\t\t<div class=\"elementor-column-wrap--22c2d17f elementor-widget-wrap elementor-element-populated\">\n\t\t\t\t\t\t\t\t<div class=\"elementor-element elementor-element-466f055e elementor-widget elementor-widget-heading\" data-id=\"466f055e\" data-element_type=\"widget\" data-widget_type=\"heading.default\">\n\t\t\t\t<div class=\"elementor-widget-container\">\n\t\t\t<h3 class=\"elementor-heading-title elementor-size-default\">Contact<\/h3>\t\t<\/div>\n\t\t\t\t<\/div>\n\t\t\t\t<div class=\"elementor-element elementor-element-1b707a04 u-links-anim-ul elementor-widget elementor-widget-text-editor\" data-id=\"1b707a04\" data-element_type=\"widget\" data-widget_type=\"text-editor.default\">\n\t\t\t\t<div class=\"elementor-widget-container\">\n\t\t\t\t\t\t\t+351 255 963 200<br>\n<span style=\"font-size: 11px;\">Calling the national fixed network<\/span><br>\n\n+351 96 550 66 81<br>\n+351 93 995 49 88<br>\n<span style=\"font-size: 11px;\">Calling the national mobile network<\/span><br>\t\t\t\t\t\t<\/div>\n\t\t\t\t<\/div>\n\t\t\t\t\t<\/div>\n\t\t<\/div>\n\t\t\t\t\t\t\t<\/div>\n\t\t<\/section>\n\t\t\t\t<section class=\"elementor-section elementor-top-section elementor-element elementor-element-448f1662 elementor-section-gap-wider rey-flexWrap elementor-section-boxed elementor-section-height-default elementor-section-height-default\" data-id=\"448f1662\" data-element_type=\"section\">\n\t\t\t\t\t\t<div class=\"elementor-container elementor-column-gap-wider\">\n\t\t\t\t\t<div class=\"elementor-column elementor-col-100 elementor-top-column elementor-element elementor-element-3b4cf0bf\" data-id=\"3b4cf0bf\" data-element_type=\"column\">\n\t\t\t<div class=\"elementor-column-wrap--3b4cf0bf elementor-widget-wrap elementor-element-populated\">\n\t\t\t\t\t\t\t\t<div class=\"elementor-element elementor-element-2476d1ba elementor-widget elementor-widget-google_maps\" data-id=\"2476d1ba\" data-element_type=\"widget\" data-widget_type=\"google_maps.default\">\n\t\t\t\t<div class=\"elementor-widget-container\">\n\t\t\t<style>\/*! elementor - v3.15.0 - 20-08-2023 *\/\n.elementor-widget-google_maps .elementor-widget-container{overflow:hidden}.elementor-widget-google_maps .elementor-custom-embed{line-height:0}.elementor-widget-google_maps iframe{height:300px}<\/style>\t\t<div class=\"elementor-custom-embed\">\n\t\t\t<iframe loading=\"lazy\"\n\t\t\t\t\tsrc=\"https:\/\/maps.google.com\/maps?q=Rua%20do%20Carvalhido%2C%20n%C2%BA%20142%204590-704%20Raimonda%2C%20Pa%C3%A7os%20de%20Ferreira&#038;t=m&#038;z=8&#038;output=embed&#038;iwloc=near\"\n\t\t\t\t\ttitle=\"Rua do Carvalhido, n\u00ba 142 4590-704 Raimonda, Pa\u00e7os de Ferreira\"\n\t\t\t\t\taria-label=\"Rua do Carvalhido, n\u00ba 142 4590-704 Raimonda, Pa\u00e7os de Ferreira\"\n\t\t\t><\/iframe>\n\t\t<\/div>\n\t\t\t\t<\/div>\n\t\t\t\t<\/div>\n\t\t\t\t\t<\/div>\n\t\t<\/div>\n\t\t\t\t\t\t\t<\/div>\n\t\t<\/section>\n\t\t\t\t\t\t\t<\/div>\n\t\t","protected":false},"excerpt":{"rendered":"<p>Contact us Address Rua das Fontelas, 534590-229 Pa\u00e7os de Ferreira Support geral@sstexteislar.comsoniasilvia@sapo.pt Contact +351 255 963 200 Calling the national fixed network +351 96 550 66 81 +351 93 995 49 88 Calling the national mobile network<\/p>\n","protected":false},"author":1,"featured_media":0,"parent":0,"menu_order":0,"comment_status":"closed","ping_status":"closed","template":"template-builder.php","meta":{"footnotes":""},"class_list":["post-3121","page","type-page","status-publish","hentry"],"acf":[],"yoast_head":"<!-- This site is optimized with the Yoast SEO Premium plugin v19.5 (Yoast SEO v20.5) - https:\/\/yoast.com\/wordpress\/plugins\/seo\/ -->\n<title>S\u00f3nia S\u00edlvia - T\u00eaxteis Lar - Len\u00e7\u00f3is, Jogos de Cama, Almofadas<\/title>\n<meta name=\"description\" content=\"Com foco na inova\u00e7\u00e3o &amp; qualidade, procura desenvolver artigos com a m\u00e1xima durabilidade, suavidade e conforto.\" \/>\n<meta name=\"robots\" content=\"index, follow, max-snippet:-1, max-image-preview:large, max-video-preview:-1\" \/>\n<link rel=\"canonical\" href=\"https:\/\/www.sstexteislar.com\/en\/contact\/\" \/>\n<meta property=\"og:locale\" content=\"en_US\" \/>\n<meta property=\"og:type\" content=\"article\" \/>\n<meta property=\"og:title\" content=\"S\u00f3nia S\u00edlvia - T\u00eaxteis Lar - Len\u00e7\u00f3is, Jogos de Cama, Almofadas\" \/>\n<meta property=\"og:description\" content=\"Com foco na inova\u00e7\u00e3o &amp; qualidade, procura desenvolver artigos com a m\u00e1xima durabilidade, suavidade e conforto.\" \/>\n<meta property=\"og:url\" content=\"https:\/\/www.sstexteislar.com\/en\/contact\/\" \/>\n<meta property=\"og:site_name\" content=\"S\u00f3nia Silvia - T\u00eaxteis Lar\" \/>\n<meta property=\"article:publisher\" content=\"https:\/\/www.facebook.com\/sstexteislar\" \/>\n<meta property=\"article:modified_time\" content=\"2023-08-28T14:17:11+00:00\" \/>\n<script type=\"application\/ld+json\" class=\"yoast-schema-graph\">{\"@context\":\"https:\/\/schema.org\",\"@graph\":[{\"@type\":\"WebPage\",\"@id\":\"https:\/\/www.sstexteislar.com\/en\/contact\/\",\"url\":\"https:\/\/www.sstexteislar.com\/en\/contact\/\",\"name\":\"S\u00f3nia S\u00edlvia - T\u00eaxteis Lar - Len\u00e7\u00f3is, Jogos de Cama, Almofadas\",\"isPartOf\":{\"@id\":\"https:\/\/www.sstexteislar.com\/en\/#website\"},\"datePublished\":\"2019-12-01T12:45:17+00:00\",\"dateModified\":\"2023-08-28T14:17:11+00:00\",\"description\":\"Com foco na inova\u00e7\u00e3o & qualidade, procura desenvolver artigos com a m\u00e1xima durabilidade, suavidade e conforto.\",\"breadcrumb\":{\"@id\":\"https:\/\/www.sstexteislar.com\/en\/contact\/#breadcrumb\"},\"inLanguage\":\"en-US\",\"potentialAction\":[{\"@type\":\"ReadAction\",\"target\":[\"https:\/\/www.sstexteislar.com\/en\/contact\/\"]}]},{\"@type\":\"BreadcrumbList\",\"@id\":\"https:\/\/www.sstexteislar.com\/en\/contact\/#breadcrumb\",\"itemListElement\":[{\"@type\":\"ListItem\",\"position\":1,\"name\":\"In\u00edcio\",\"item\":\"https:\/\/www.sstexteislar.com\/en\/\"},{\"@type\":\"ListItem\",\"position\":2,\"name\":\"Contact\"}]},{\"@type\":\"WebSite\",\"@id\":\"https:\/\/www.sstexteislar.com\/en\/#website\",\"url\":\"https:\/\/www.sstexteislar.com\/en\/\",\"name\":\"S\u00f3nia S\u00edlvia - T\u00eaxteis Lar - Len\u00e7\u00f3is, Jogos de Cama, Almofadas\",\"description\":\"\",\"publisher\":{\"@id\":\"https:\/\/www.sstexteislar.com\/en\/#organization\"},\"alternateName\":\"SS T\u00eaxteis Lar\",\"potentialAction\":[{\"@type\":\"SearchAction\",\"target\":{\"@type\":\"EntryPoint\",\"urlTemplate\":\"https:\/\/www.sstexteislar.com\/en\/?s={search_term_string}\"},\"query-input\":\"required name=search_term_string\"}],\"inLanguage\":\"en-US\"},{\"@type\":\"Organization\",\"@id\":\"https:\/\/www.sstexteislar.com\/en\/#organization\",\"name\":\"S\u00f3nia S\u00edlvia - T\u00eaxteis Lar - Len\u00e7\u00f3is, Jogos de Cama, Almofadas\",\"alternateName\":\"SS T\u00eaxteis Lar\",\"url\":\"https:\/\/www.sstexteislar.com\/en\/\",\"logo\":{\"@type\":\"ImageObject\",\"inLanguage\":\"en-US\",\"@id\":\"https:\/\/www.sstexteislar.com\/en\/#\/schema\/logo\/image\/\",\"url\":\"https:\/\/www.sstexteislar.com\/wp-content\/uploads\/2022\/11\/cropped-favicon.png\",\"contentUrl\":\"https:\/\/www.sstexteislar.com\/wp-content\/uploads\/2022\/11\/cropped-favicon.png\",\"width\":512,\"height\":512,\"caption\":\"S\u00f3nia S\u00edlvia - T\u00eaxteis Lar - Len\u00e7\u00f3is, Jogos de Cama, Almofadas\"},\"image\":{\"@id\":\"https:\/\/www.sstexteislar.com\/en\/#\/schema\/logo\/image\/\"},\"sameAs\":[\"https:\/\/www.facebook.com\/sstexteislar\",\"https:\/\/www.instagram.com\/sstexteislar\/\"]}]}<\/script>\n<!-- \/ Yoast SEO Premium plugin. -->","yoast_head_json":{"title":"S\u00f3nia S\u00edlvia - T\u00eaxteis Lar - Len\u00e7\u00f3is, Jogos de Cama, Almofadas","description":"Com foco na inova\u00e7\u00e3o & qualidade, procura desenvolver artigos com a m\u00e1xima durabilidade, suavidade e conforto.","robots":{"index":"index","follow":"follow","max-snippet":"max-snippet:-1","max-image-preview":"max-image-preview:large","max-video-preview":"max-video-preview:-1"},"canonical":"https:\/\/www.sstexteislar.com\/en\/contact\/","og_locale":"en_US","og_type":"article","og_title":"S\u00f3nia S\u00edlvia - T\u00eaxteis Lar - Len\u00e7\u00f3is, Jogos de Cama, Almofadas","og_description":"Com foco na inova\u00e7\u00e3o & qualidade, procura desenvolver artigos com a m\u00e1xima durabilidade, suavidade e conforto.","og_url":"https:\/\/www.sstexteislar.com\/en\/contact\/","og_site_name":"S\u00f3nia Silvia - T\u00eaxteis Lar","article_publisher":"https:\/\/www.facebook.com\/sstexteislar","article_modified_time":"2023-08-28T14:17:11+00:00","schema":{"@context":"https:\/\/schema.org","@graph":[{"@type":"WebPage","@id":"https:\/\/www.sstexteislar.com\/en\/contact\/","url":"https:\/\/www.sstexteislar.com\/en\/contact\/","name":"S\u00f3nia S\u00edlvia - T\u00eaxteis Lar - Len\u00e7\u00f3is, Jogos de Cama, Almofadas","isPartOf":{"@id":"https:\/\/www.sstexteislar.com\/en\/#website"},"datePublished":"2019-12-01T12:45:17+00:00","dateModified":"2023-08-28T14:17:11+00:00","description":"Com foco na inova\u00e7\u00e3o & qualidade, procura desenvolver artigos com a m\u00e1xima durabilidade, suavidade e conforto.","breadcrumb":{"@id":"https:\/\/www.sstexteislar.com\/en\/contact\/#breadcrumb"},"inLanguage":"en-US","potentialAction":[{"@type":"ReadAction","target":["https:\/\/www.sstexteislar.com\/en\/contact\/"]}]},{"@type":"BreadcrumbList","@id":"https:\/\/www.sstexteislar.com\/en\/contact\/#breadcrumb","itemListElement":[{"@type":"ListItem","position":1,"name":"In\u00edcio","item":"https:\/\/www.sstexteislar.com\/en\/"},{"@type":"ListItem","position":2,"name":"Contact"}]},{"@type":"WebSite","@id":"https:\/\/www.sstexteislar.com\/en\/#website","url":"https:\/\/www.sstexteislar.com\/en\/","name":"S\u00f3nia S\u00edlvia - T\u00eaxteis Lar - Len\u00e7\u00f3is, Jogos de Cama, Almofadas","description":"","publisher":{"@id":"https:\/\/www.sstexteislar.com\/en\/#organization"},"alternateName":"SS T\u00eaxteis Lar","potentialAction":[{"@type":"SearchAction","target":{"@type":"EntryPoint","urlTemplate":"https:\/\/www.sstexteislar.com\/en\/?s={search_term_string}"},"query-input":"required name=search_term_string"}],"inLanguage":"en-US"},{"@type":"Organization","@id":"https:\/\/www.sstexteislar.com\/en\/#organization","name":"S\u00f3nia S\u00edlvia - T\u00eaxteis Lar - Len\u00e7\u00f3is, Jogos de Cama, Almofadas","alternateName":"SS T\u00eaxteis Lar","url":"https:\/\/www.sstexteislar.com\/en\/","logo":{"@type":"ImageObject","inLanguage":"en-US","@id":"https:\/\/www.sstexteislar.com\/en\/#\/schema\/logo\/image\/","url":"https:\/\/www.sstexteislar.com\/wp-content\/uploads\/2022\/11\/cropped-favicon.png","contentUrl":"https:\/\/www.sstexteislar.com\/wp-content\/uploads\/2022\/11\/cropped-favicon.png","width":512,"height":512,"caption":"S\u00f3nia S\u00edlvia - T\u00eaxteis Lar - Len\u00e7\u00f3is, Jogos de Cama, Almofadas"},"image":{"@id":"https:\/\/www.sstexteislar.com\/en\/#\/schema\/logo\/image\/"},"sameAs":["https:\/\/www.facebook.com\/sstexteislar","https:\/\/www.instagram.com\/sstexteislar\/"]}]}},"_links":{"self":[{"href":"https:\/\/www.sstexteislar.com\/en\/wp-json\/wp\/v2\/pages\/3121","targetHints":{"allow":["GET"]}}],"collection":[{"href":"https:\/\/www.sstexteislar.com\/en\/wp-json\/wp\/v2\/pages"}],"about":[{"href":"https:\/\/www.sstexteislar.com\/en\/wp-json\/wp\/v2\/types\/page"}],"author":[{"embeddable":true,"href":"https:\/\/www.sstexteislar.com\/en\/wp-json\/wp\/v2\/users\/1"}],"replies":[{"embeddable":true,"href":"https:\/\/www.sstexteislar.com\/en\/wp-json\/wp\/v2\/comments?post=3121"}],"version-history":[{"count":1,"href":"https:\/\/www.sstexteislar.com\/en\/wp-json\/wp\/v2\/pages\/3121\/revisions"}],"predecessor-version":[{"id":3129,"href":"https:\/\/www.sstexteislar.com\/en\/wp-json\/wp\/v2\/pages\/3121\/revisions\/3129"}],"wp:attachment":[{"href":"https:\/\/www.sstexteislar.com\/en\/wp-json\/wp\/v2\/media?parent=3121"}],"curies":[{"name":"wp","href":"https:\/\/api.w.org\/{rel}","templated":true}]}}