{"id":3181,"date":"2023-02-23T13:43:24","date_gmt":"2023-02-23T13:43:24","guid":{"rendered":"https:\/\/www.sstexteislar.com\/produto\/north-blanket-50-50\/"},"modified":"2023-08-28T14:26:13","modified_gmt":"2023-08-28T14:26:13","slug":"north-blanket","status":"publish","type":"product","link":"https:\/\/www.sstexteislar.com\/en\/produto\/north-blanket\/","title":{"rendered":"North Blanket 50% \/ 50%"},"content":{"rendered":"<p>It offers exceptional comfort;<br \/>\nWarming comforter;<br \/>\n50%piloester\/ 50% cotton;<br \/>\nVarious weights available for the different seasons;<\/p>\n","protected":false},"excerpt":{"rendered":"<p>It offers exceptional comfort;<br \/>\nWarming comforter;<br \/>\n50%piloester\/ 50% cotton;<br \/>\nVarious weights available for the different seasons;<\/p>\n","protected":false},"featured_media":2359,"template":"","meta":[],"product_cat":[266,267],"product_tag":[],"class_list":{"0":"post-3181","1":"product","2":"type-product","3":"status-publish","4":"has-post-thumbnail","5":"hentry","6":"product_cat-duvet","7":"product_cat-hospitality","swatches":"rey-swatches","show_selected":""},"acf":[],"yoast_head":"<!-- This site is optimized with the Yoast SEO Premium plugin v19.5 (Yoast SEO v20.5) - https:\/\/yoast.com\/wordpress\/plugins\/seo\/ -->\n<title>S\u00f3nia S\u00edlvia - T\u00eaxteis Lar - Len\u00e7\u00f3is, Jogos de Cama, Almofadas<\/title>\n<meta name=\"description\" content=\"Com foco na inova\u00e7\u00e3o &amp; qualidade, procura desenvolver artigos com a m\u00e1xima durabilidade, suavidade e conforto.\" \/>\n<meta name=\"robots\" content=\"index, follow, max-snippet:-1, max-image-preview:large, max-video-preview:-1\" \/>\n<link rel=\"canonical\" href=\"https:\/\/www.sstexteislar.com\/en\/produto\/north-blanket\/\" \/>\n<meta property=\"og:locale\" content=\"en_US\" \/>\n<meta property=\"og:type\" content=\"article\" \/>\n<meta property=\"og:title\" content=\"S\u00f3nia S\u00edlvia - T\u00eaxteis Lar - Len\u00e7\u00f3is, Jogos de Cama, Almofadas\" \/>\n<meta property=\"og:description\" content=\"Com foco na inova\u00e7\u00e3o &amp; qualidade, procura desenvolver artigos com a m\u00e1xima durabilidade, suavidade e conforto.\" \/>\n<meta property=\"og:url\" content=\"https:\/\/www.sstexteislar.com\/en\/produto\/north-blanket\/\" \/>\n<meta property=\"og:site_name\" content=\"S\u00f3nia Silvia - T\u00eaxteis Lar\" \/>\n<meta property=\"article:publisher\" content=\"https:\/\/www.facebook.com\/sstexteislar\" \/>\n<meta property=\"article:modified_time\" content=\"2023-08-28T14:26:13+00:00\" \/>\n<meta property=\"og:image\" content=\"https:\/\/www.sstexteislar.com\/wp-content\/uploads\/2023\/02\/6N2A6586.jpg\" \/>\n\t<meta property=\"og:image:width\" content=\"1024\" \/>\n\t<meta property=\"og:image:height\" content=\"1024\" \/>\n\t<meta property=\"og:image:type\" content=\"image\/jpeg\" \/>\n<script type=\"application\/ld+json\" class=\"yoast-schema-graph\">{\"@context\":\"https:\/\/schema.org\",\"@graph\":[{\"@type\":\"WebPage\",\"@id\":\"https:\/\/www.sstexteislar.com\/en\/produto\/north-blanket\/\",\"url\":\"https:\/\/www.sstexteislar.com\/en\/produto\/north-blanket\/\",\"name\":\"S\u00f3nia S\u00edlvia - T\u00eaxteis Lar - Len\u00e7\u00f3is, Jogos de Cama, Almofadas\",\"isPartOf\":{\"@id\":\"https:\/\/www.sstexteislar.com\/en\/#website\"},\"datePublished\":\"2023-02-23T13:43:24+00:00\",\"dateModified\":\"2023-08-28T14:26:13+00:00\",\"description\":\"Com foco na inova\u00e7\u00e3o & qualidade, procura desenvolver artigos com a m\u00e1xima durabilidade, suavidade e conforto.\",\"breadcrumb\":{\"@id\":\"https:\/\/www.sstexteislar.com\/en\/produto\/north-blanket\/#breadcrumb\"},\"inLanguage\":\"en-US\",\"potentialAction\":[{\"@type\":\"ReadAction\",\"target\":[\"https:\/\/www.sstexteislar.com\/en\/produto\/north-blanket\/\"]}]},{\"@type\":\"BreadcrumbList\",\"@id\":\"https:\/\/www.sstexteislar.com\/en\/produto\/north-blanket\/#breadcrumb\",\"itemListElement\":[{\"@type\":\"ListItem\",\"position\":1,\"name\":\"In\u00edcio\",\"item\":\"https:\/\/www.sstexteislar.com\/en\/\"},{\"@type\":\"ListItem\",\"position\":2,\"name\":\"Shop\",\"item\":\"https:\/\/www.sstexteislar.com\/en\/shop\/\"},{\"@type\":\"ListItem\",\"position\":3,\"name\":\"North Blanket 50% \/ 50%\"}]},{\"@type\":\"WebSite\",\"@id\":\"https:\/\/www.sstexteislar.com\/en\/#website\",\"url\":\"https:\/\/www.sstexteislar.com\/en\/\",\"name\":\"S\u00f3nia S\u00edlvia - T\u00eaxteis Lar - Len\u00e7\u00f3is, Jogos de Cama, Almofadas\",\"description\":\"\",\"publisher\":{\"@id\":\"https:\/\/www.sstexteislar.com\/en\/#organization\"},\"alternateName\":\"SS T\u00eaxteis Lar\",\"potentialAction\":[{\"@type\":\"SearchAction\",\"target\":{\"@type\":\"EntryPoint\",\"urlTemplate\":\"https:\/\/www.sstexteislar.com\/en\/?s={search_term_string}\"},\"query-input\":\"required name=search_term_string\"}],\"inLanguage\":\"en-US\"},{\"@type\":\"Organization\",\"@id\":\"https:\/\/www.sstexteislar.com\/en\/#organization\",\"name\":\"S\u00f3nia S\u00edlvia - T\u00eaxteis Lar - Len\u00e7\u00f3is, Jogos de Cama, Almofadas\",\"alternateName\":\"SS T\u00eaxteis Lar\",\"url\":\"https:\/\/www.sstexteislar.com\/en\/\",\"logo\":{\"@type\":\"ImageObject\",\"inLanguage\":\"en-US\",\"@id\":\"https:\/\/www.sstexteislar.com\/en\/#\/schema\/logo\/image\/\",\"url\":\"https:\/\/www.sstexteislar.com\/wp-content\/uploads\/2022\/11\/cropped-favicon.png\",\"contentUrl\":\"https:\/\/www.sstexteislar.com\/wp-content\/uploads\/2022\/11\/cropped-favicon.png\",\"width\":512,\"height\":512,\"caption\":\"S\u00f3nia S\u00edlvia - T\u00eaxteis Lar - Len\u00e7\u00f3is, Jogos de Cama, Almofadas\"},\"image\":{\"@id\":\"https:\/\/www.sstexteislar.com\/en\/#\/schema\/logo\/image\/\"},\"sameAs\":[\"https:\/\/www.facebook.com\/sstexteislar\",\"https:\/\/www.instagram.com\/sstexteislar\/\"]}]}<\/script>\n<!-- \/ Yoast SEO Premium plugin. -->","yoast_head_json":{"title":"S\u00f3nia S\u00edlvia - T\u00eaxteis Lar - Len\u00e7\u00f3is, Jogos de Cama, Almofadas","description":"Com foco na inova\u00e7\u00e3o & qualidade, procura desenvolver artigos com a m\u00e1xima durabilidade, suavidade e conforto.","robots":{"index":"index","follow":"follow","max-snippet":"max-snippet:-1","max-image-preview":"max-image-preview:large","max-video-preview":"max-video-preview:-1"},"canonical":"https:\/\/www.sstexteislar.com\/en\/produto\/north-blanket\/","og_locale":"en_US","og_type":"article","og_title":"S\u00f3nia S\u00edlvia - T\u00eaxteis Lar - Len\u00e7\u00f3is, Jogos de Cama, Almofadas","og_description":"Com foco na inova\u00e7\u00e3o & qualidade, procura desenvolver artigos com a m\u00e1xima durabilidade, suavidade e conforto.","og_url":"https:\/\/www.sstexteislar.com\/en\/produto\/north-blanket\/","og_site_name":"S\u00f3nia Silvia - T\u00eaxteis Lar","article_publisher":"https:\/\/www.facebook.com\/sstexteislar","article_modified_time":"2023-08-28T14:26:13+00:00","og_image":[{"width":1024,"height":1024,"url":"https:\/\/www.sstexteislar.com\/wp-content\/uploads\/2023\/02\/6N2A6586.jpg","type":"image\/jpeg"}],"schema":{"@context":"https:\/\/schema.org","@graph":[{"@type":"WebPage","@id":"https:\/\/www.sstexteislar.com\/en\/produto\/north-blanket\/","url":"https:\/\/www.sstexteislar.com\/en\/produto\/north-blanket\/","name":"S\u00f3nia S\u00edlvia - T\u00eaxteis Lar - Len\u00e7\u00f3is, Jogos de Cama, Almofadas","isPartOf":{"@id":"https:\/\/www.sstexteislar.com\/en\/#website"},"datePublished":"2023-02-23T13:43:24+00:00","dateModified":"2023-08-28T14:26:13+00:00","description":"Com foco na inova\u00e7\u00e3o & qualidade, procura desenvolver artigos com a m\u00e1xima durabilidade, suavidade e conforto.","breadcrumb":{"@id":"https:\/\/www.sstexteislar.com\/en\/produto\/north-blanket\/#breadcrumb"},"inLanguage":"en-US","potentialAction":[{"@type":"ReadAction","target":["https:\/\/www.sstexteislar.com\/en\/produto\/north-blanket\/"]}]},{"@type":"BreadcrumbList","@id":"https:\/\/www.sstexteislar.com\/en\/produto\/north-blanket\/#breadcrumb","itemListElement":[{"@type":"ListItem","position":1,"name":"In\u00edcio","item":"https:\/\/www.sstexteislar.com\/en\/"},{"@type":"ListItem","position":2,"name":"Shop","item":"https:\/\/www.sstexteislar.com\/en\/shop\/"},{"@type":"ListItem","position":3,"name":"North Blanket 50% \/ 50%"}]},{"@type":"WebSite","@id":"https:\/\/www.sstexteislar.com\/en\/#website","url":"https:\/\/www.sstexteislar.com\/en\/","name":"S\u00f3nia S\u00edlvia - T\u00eaxteis Lar - Len\u00e7\u00f3is, Jogos de Cama, Almofadas","description":"","publisher":{"@id":"https:\/\/www.sstexteislar.com\/en\/#organization"},"alternateName":"SS T\u00eaxteis Lar","potentialAction":[{"@type":"SearchAction","target":{"@type":"EntryPoint","urlTemplate":"https:\/\/www.sstexteislar.com\/en\/?s={search_term_string}"},"query-input":"required name=search_term_string"}],"inLanguage":"en-US"},{"@type":"Organization","@id":"https:\/\/www.sstexteislar.com\/en\/#organization","name":"S\u00f3nia S\u00edlvia - T\u00eaxteis Lar - Len\u00e7\u00f3is, Jogos de Cama, Almofadas","alternateName":"SS T\u00eaxteis Lar","url":"https:\/\/www.sstexteislar.com\/en\/","logo":{"@type":"ImageObject","inLanguage":"en-US","@id":"https:\/\/www.sstexteislar.com\/en\/#\/schema\/logo\/image\/","url":"https:\/\/www.sstexteislar.com\/wp-content\/uploads\/2022\/11\/cropped-favicon.png","contentUrl":"https:\/\/www.sstexteislar.com\/wp-content\/uploads\/2022\/11\/cropped-favicon.png","width":512,"height":512,"caption":"S\u00f3nia S\u00edlvia - T\u00eaxteis Lar - Len\u00e7\u00f3is, Jogos de Cama, Almofadas"},"image":{"@id":"https:\/\/www.sstexteislar.com\/en\/#\/schema\/logo\/image\/"},"sameAs":["https:\/\/www.facebook.com\/sstexteislar","https:\/\/www.instagram.com\/sstexteislar\/"]}]}},"_links":{"self":[{"href":"https:\/\/www.sstexteislar.com\/en\/wp-json\/wp\/v2\/product\/3181","targetHints":{"allow":["GET"]}}],"collection":[{"href":"https:\/\/www.sstexteislar.com\/en\/wp-json\/wp\/v2\/product"}],"about":[{"href":"https:\/\/www.sstexteislar.com\/en\/wp-json\/wp\/v2\/types\/product"}],"wp:featuredmedia":[{"embeddable":true,"href":"https:\/\/www.sstexteislar.com\/en\/wp-json\/wp\/v2\/media\/2359"}],"wp:attachment":[{"href":"https:\/\/www.sstexteislar.com\/en\/wp-json\/wp\/v2\/media?parent=3181"}],"wp:term":[{"taxonomy":"product_cat","embeddable":true,"href":"https:\/\/www.sstexteislar.com\/en\/wp-json\/wp\/v2\/product_cat?post=3181"},{"taxonomy":"product_tag","embeddable":true,"href":"https:\/\/www.sstexteislar.com\/en\/wp-json\/wp\/v2\/product_tag?post=3181"}],"curies":[{"name":"wp","href":"https:\/\/api.w.org\/{rel}","templated":true}]}}