{"id":3115,"date":"2019-11-26T13:31:16","date_gmt":"2019-11-26T13:31:16","guid":{"rendered":"https:\/\/www.sstexteislar.com\/mi-cuenta\/"},"modified":"2023-08-28T13:49:28","modified_gmt":"2023-08-28T13:49:28","slug":"mi-cuenta","status":"publish","type":"page","link":"https:\/\/www.sstexteislar.com\/es\/mi-cuenta\/","title":{"rendered":"Mi cuenta"},"content":{"rendered":"<div class=\"woocommerce\"><\/div>\n","protected":false},"excerpt":{"rendered":"","protected":false},"author":1,"featured_media":0,"parent":0,"menu_order":0,"comment_status":"closed","ping_status":"closed","template":"","meta":{"footnotes":""},"class_list":["post-3115","page","type-page","status-publish","hentry"],"acf":[],"yoast_head":"<!-- This site is optimized with the Yoast SEO Premium plugin v19.5 (Yoast SEO v20.5) - https:\/\/yoast.com\/wordpress\/plugins\/seo\/ -->\n<title>S\u00f3nia S\u00edlvia - T\u00eaxteis Lar - Len\u00e7\u00f3is, Jogos de Cama, Almofadas<\/title>\n<meta name=\"description\" content=\"Com foco na inova\u00e7\u00e3o &amp; qualidade, procura desenvolver artigos com a m\u00e1xima durabilidade, suavidade e conforto.\" \/>\n<meta name=\"robots\" content=\"index, follow, max-snippet:-1, max-image-preview:large, max-video-preview:-1\" \/>\n<link rel=\"canonical\" href=\"https:\/\/www.sstexteislar.com\/es\/mi-cuenta\/\" \/>\n<meta property=\"og:locale\" content=\"es_ES\" \/>\n<meta property=\"og:type\" content=\"article\" \/>\n<meta property=\"og:title\" content=\"S\u00f3nia S\u00edlvia - T\u00eaxteis Lar - Len\u00e7\u00f3is, Jogos de Cama, Almofadas\" \/>\n<meta property=\"og:description\" content=\"Com foco na inova\u00e7\u00e3o &amp; qualidade, procura desenvolver artigos com a m\u00e1xima durabilidade, suavidade e conforto.\" \/>\n<meta property=\"og:url\" content=\"https:\/\/www.sstexteislar.com\/es\/mi-cuenta\/\" \/>\n<meta property=\"og:site_name\" content=\"S\u00f3nia Silvia - T\u00eaxteis Lar\" \/>\n<meta property=\"article:publisher\" content=\"https:\/\/www.facebook.com\/sstexteislar\" \/>\n<meta property=\"article:modified_time\" content=\"2023-08-28T13:49:28+00:00\" \/>\n<script type=\"application\/ld+json\" class=\"yoast-schema-graph\">{\"@context\":\"https:\/\/schema.org\",\"@graph\":[{\"@type\":\"WebPage\",\"@id\":\"https:\/\/www.sstexteislar.com\/es\/mi-cuenta\/\",\"url\":\"https:\/\/www.sstexteislar.com\/es\/mi-cuenta\/\",\"name\":\"S\u00f3nia S\u00edlvia - T\u00eaxteis Lar - Len\u00e7\u00f3is, Jogos de Cama, Almofadas\",\"isPartOf\":{\"@id\":\"https:\/\/www.sstexteislar.com\/es\/#website\"},\"datePublished\":\"2019-11-26T13:31:16+00:00\",\"dateModified\":\"2023-08-28T13:49:28+00:00\",\"description\":\"Com foco na inova\u00e7\u00e3o & qualidade, procura desenvolver artigos com a m\u00e1xima durabilidade, suavidade e conforto.\",\"breadcrumb\":{\"@id\":\"https:\/\/www.sstexteislar.com\/es\/mi-cuenta\/#breadcrumb\"},\"inLanguage\":\"es\",\"potentialAction\":[{\"@type\":\"ReadAction\",\"target\":[\"https:\/\/www.sstexteislar.com\/es\/mi-cuenta\/\"]}]},{\"@type\":\"BreadcrumbList\",\"@id\":\"https:\/\/www.sstexteislar.com\/es\/mi-cuenta\/#breadcrumb\",\"itemListElement\":[{\"@type\":\"ListItem\",\"position\":1,\"name\":\"In\u00edcio\",\"item\":\"https:\/\/www.sstexteislar.com\/es\/\"},{\"@type\":\"ListItem\",\"position\":2,\"name\":\"Mi cuenta\"}]},{\"@type\":\"WebSite\",\"@id\":\"https:\/\/www.sstexteislar.com\/es\/#website\",\"url\":\"https:\/\/www.sstexteislar.com\/es\/\",\"name\":\"S\u00f3nia S\u00edlvia - T\u00eaxteis Lar - Len\u00e7\u00f3is, Jogos de Cama, Almofadas\",\"description\":\"\",\"publisher\":{\"@id\":\"https:\/\/www.sstexteislar.com\/es\/#organization\"},\"alternateName\":\"SS T\u00eaxteis Lar\",\"potentialAction\":[{\"@type\":\"SearchAction\",\"target\":{\"@type\":\"EntryPoint\",\"urlTemplate\":\"https:\/\/www.sstexteislar.com\/es\/?s={search_term_string}\"},\"query-input\":\"required name=search_term_string\"}],\"inLanguage\":\"es\"},{\"@type\":\"Organization\",\"@id\":\"https:\/\/www.sstexteislar.com\/es\/#organization\",\"name\":\"S\u00f3nia S\u00edlvia - T\u00eaxteis Lar - Len\u00e7\u00f3is, Jogos de Cama, Almofadas\",\"alternateName\":\"SS T\u00eaxteis Lar\",\"url\":\"https:\/\/www.sstexteislar.com\/es\/\",\"logo\":{\"@type\":\"ImageObject\",\"inLanguage\":\"es\",\"@id\":\"https:\/\/www.sstexteislar.com\/es\/#\/schema\/logo\/image\/\",\"url\":\"https:\/\/www.sstexteislar.com\/wp-content\/uploads\/2022\/11\/cropped-favicon.png\",\"contentUrl\":\"https:\/\/www.sstexteislar.com\/wp-content\/uploads\/2022\/11\/cropped-favicon.png\",\"width\":512,\"height\":512,\"caption\":\"S\u00f3nia S\u00edlvia - T\u00eaxteis Lar - Len\u00e7\u00f3is, Jogos de Cama, Almofadas\"},\"image\":{\"@id\":\"https:\/\/www.sstexteislar.com\/es\/#\/schema\/logo\/image\/\"},\"sameAs\":[\"https:\/\/www.facebook.com\/sstexteislar\",\"https:\/\/www.instagram.com\/sstexteislar\/\"]}]}<\/script>\n<!-- \/ Yoast SEO Premium plugin. -->","yoast_head_json":{"title":"S\u00f3nia S\u00edlvia - T\u00eaxteis Lar - Len\u00e7\u00f3is, Jogos de Cama, Almofadas","description":"Com foco na inova\u00e7\u00e3o & qualidade, procura desenvolver artigos com a m\u00e1xima durabilidade, suavidade e conforto.","robots":{"index":"index","follow":"follow","max-snippet":"max-snippet:-1","max-image-preview":"max-image-preview:large","max-video-preview":"max-video-preview:-1"},"canonical":"https:\/\/www.sstexteislar.com\/es\/mi-cuenta\/","og_locale":"es_ES","og_type":"article","og_title":"S\u00f3nia S\u00edlvia - T\u00eaxteis Lar - Len\u00e7\u00f3is, Jogos de Cama, Almofadas","og_description":"Com foco na inova\u00e7\u00e3o & qualidade, procura desenvolver artigos com a m\u00e1xima durabilidade, suavidade e conforto.","og_url":"https:\/\/www.sstexteislar.com\/es\/mi-cuenta\/","og_site_name":"S\u00f3nia Silvia - T\u00eaxteis Lar","article_publisher":"https:\/\/www.facebook.com\/sstexteislar","article_modified_time":"2023-08-28T13:49:28+00:00","schema":{"@context":"https:\/\/schema.org","@graph":[{"@type":"WebPage","@id":"https:\/\/www.sstexteislar.com\/es\/mi-cuenta\/","url":"https:\/\/www.sstexteislar.com\/es\/mi-cuenta\/","name":"S\u00f3nia S\u00edlvia - T\u00eaxteis Lar - Len\u00e7\u00f3is, Jogos de Cama, Almofadas","isPartOf":{"@id":"https:\/\/www.sstexteislar.com\/es\/#website"},"datePublished":"2019-11-26T13:31:16+00:00","dateModified":"2023-08-28T13:49:28+00:00","description":"Com foco na inova\u00e7\u00e3o & qualidade, procura desenvolver artigos com a m\u00e1xima durabilidade, suavidade e conforto.","breadcrumb":{"@id":"https:\/\/www.sstexteislar.com\/es\/mi-cuenta\/#breadcrumb"},"inLanguage":"es","potentialAction":[{"@type":"ReadAction","target":["https:\/\/www.sstexteislar.com\/es\/mi-cuenta\/"]}]},{"@type":"BreadcrumbList","@id":"https:\/\/www.sstexteislar.com\/es\/mi-cuenta\/#breadcrumb","itemListElement":[{"@type":"ListItem","position":1,"name":"In\u00edcio","item":"https:\/\/www.sstexteislar.com\/es\/"},{"@type":"ListItem","position":2,"name":"Mi cuenta"}]},{"@type":"WebSite","@id":"https:\/\/www.sstexteislar.com\/es\/#website","url":"https:\/\/www.sstexteislar.com\/es\/","name":"S\u00f3nia S\u00edlvia - T\u00eaxteis Lar - Len\u00e7\u00f3is, Jogos de Cama, Almofadas","description":"","publisher":{"@id":"https:\/\/www.sstexteislar.com\/es\/#organization"},"alternateName":"SS T\u00eaxteis Lar","potentialAction":[{"@type":"SearchAction","target":{"@type":"EntryPoint","urlTemplate":"https:\/\/www.sstexteislar.com\/es\/?s={search_term_string}"},"query-input":"required name=search_term_string"}],"inLanguage":"es"},{"@type":"Organization","@id":"https:\/\/www.sstexteislar.com\/es\/#organization","name":"S\u00f3nia S\u00edlvia - T\u00eaxteis Lar - Len\u00e7\u00f3is, Jogos de Cama, Almofadas","alternateName":"SS T\u00eaxteis Lar","url":"https:\/\/www.sstexteislar.com\/es\/","logo":{"@type":"ImageObject","inLanguage":"es","@id":"https:\/\/www.sstexteislar.com\/es\/#\/schema\/logo\/image\/","url":"https:\/\/www.sstexteislar.com\/wp-content\/uploads\/2022\/11\/cropped-favicon.png","contentUrl":"https:\/\/www.sstexteislar.com\/wp-content\/uploads\/2022\/11\/cropped-favicon.png","width":512,"height":512,"caption":"S\u00f3nia S\u00edlvia - T\u00eaxteis Lar - Len\u00e7\u00f3is, Jogos de Cama, Almofadas"},"image":{"@id":"https:\/\/www.sstexteislar.com\/es\/#\/schema\/logo\/image\/"},"sameAs":["https:\/\/www.facebook.com\/sstexteislar","https:\/\/www.instagram.com\/sstexteislar\/"]}]}},"_links":{"self":[{"href":"https:\/\/www.sstexteislar.com\/es\/wp-json\/wp\/v2\/pages\/3115","targetHints":{"allow":["GET"]}}],"collection":[{"href":"https:\/\/www.sstexteislar.com\/es\/wp-json\/wp\/v2\/pages"}],"about":[{"href":"https:\/\/www.sstexteislar.com\/es\/wp-json\/wp\/v2\/types\/page"}],"author":[{"embeddable":true,"href":"https:\/\/www.sstexteislar.com\/es\/wp-json\/wp\/v2\/users\/1"}],"replies":[{"embeddable":true,"href":"https:\/\/www.sstexteislar.com\/es\/wp-json\/wp\/v2\/comments?post=3115"}],"version-history":[{"count":0,"href":"https:\/\/www.sstexteislar.com\/es\/wp-json\/wp\/v2\/pages\/3115\/revisions"}],"wp:attachment":[{"href":"https:\/\/www.sstexteislar.com\/es\/wp-json\/wp\/v2\/media?parent=3115"}],"curies":[{"name":"wp","href":"https:\/\/api.w.org\/{rel}","templated":true}]}}