{"id":3134,"date":"2022-11-26T10:05:11","date_gmt":"2022-11-26T10:05:11","guid":{"rendered":"https:\/\/www.sstexteislar.com\/politica-de-privacidad\/"},"modified":"2023-08-28T14:19:02","modified_gmt":"2023-08-28T14:19:02","slug":"politica-de-privacidad","status":"publish","type":"page","link":"https:\/\/www.sstexteislar.com\/es\/politica-de-privacidad\/","title":{"rendered":"Pol\u00edtica de privacidad"},"content":{"rendered":"\t\t<div data-elementor-type=\"wp-page\" data-elementor-id=\"3134\" class=\"elementor elementor-3134 elementor-1949\">\n\t\t\t\t\t\t\t\t\t<section class=\"elementor-section elementor-top-section elementor-element elementor-element-1cbc77a8 elementor-section-boxed elementor-section-gap-default elementor-section-height-default elementor-section-height-default\" data-id=\"1cbc77a8\" data-element_type=\"section\">\n\t\t\t\t\t\t<div class=\"elementor-container elementor-column-gap-default\">\n\t\t\t\t\t<div class=\"elementor-column elementor-col-100 elementor-top-column elementor-element elementor-element-12444965\" data-id=\"12444965\" data-element_type=\"column\">\n\t\t\t<div class=\"elementor-column-wrap--12444965 elementor-widget-wrap elementor-element-populated\">\n\t\t\t\t\t\t\t\t<div class=\"elementor-element elementor-element-78b87e56 u-links-anim-ul elementor-widget elementor-widget-text-editor\" data-id=\"78b87e56\" data-element_type=\"widget\" data-widget_type=\"text-editor.default\">\n\t\t\t\t<div class=\"elementor-widget-container\">\n\t\t\t<style>\/*! elementor - v3.15.0 - 20-08-2023 *\/\n.elementor-widget-text-editor.elementor-drop-cap-view-stacked .elementor-drop-cap{background-color:#69727d;color:#fff}.elementor-widget-text-editor.elementor-drop-cap-view-framed .elementor-drop-cap{color:#69727d;border:3px solid;background-color:transparent}.elementor-widget-text-editor:not(.elementor-drop-cap-view-default) .elementor-drop-cap{margin-top:8px}.elementor-widget-text-editor:not(.elementor-drop-cap-view-default) .elementor-drop-cap-letter{width:1em;height:1em}.elementor-widget-text-editor .elementor-drop-cap{float:left;text-align:center;line-height:1;font-size:50px}.elementor-widget-text-editor .elementor-drop-cap-letter{display:inline-block}<\/style>\t\t\t\t<p><strong>Pol\u00edtica de privacidad<\/strong><\/p>\n<p>La presente Pol\u00edtica de Privacidad regula el tratamiento de datos de car\u00e1cter personal que se lleva a cabo en el sitio web www.sstexteislar.com (en lo sucesivo tambi\u00e9n denominado el &#8220;sitio web&#8221;).<\/p>\n<p>Los usuarios del sitio web deben leer atentamente la presente Pol\u00edtica de Privacidad cada vez que se propongan utilizar el sitio web, ya que puede ser modificada sin previo aviso (compruebe la fecha de actualizaci\u00f3n al principio del texto).<\/p>\n<p>SS T\u00eaxteis Lar act\u00faa en estricto cumplimiento de los principios descritos en esta pol\u00edtica, el Reglamento (UE) 2016\/679 (Reglamento General de Protecci\u00f3n de Datos), la Ley 58\/2019, de 8 de agosto, y dem\u00e1s legislaci\u00f3n espec\u00edfica de protecci\u00f3n de datos.<\/p>\n<p><strong>1.Definici\u00f3n<\/strong><\/p>\n<p>1.1 Por datos personales se entiende la informaci\u00f3n de cualquier naturaleza y en cualquier soporte, incluidos el sonido y la imagen, relativa a una persona f\u00edsica identificada o identificable. Una persona identificable es aquella cuya identidad puede determinarse, directa o indirectamente, en particular mediante un n\u00famero de identificaci\u00f3n o uno o varios elementos espec\u00edficos, caracter\u00edsticos de su identidad f\u00edsica, fisiol\u00f3gica, ps\u00edquica, econ\u00f3mica, cultural o social.<\/p>\n<p><strong>2. controlador y autoridad nacional de supervisi\u00f3n<\/strong><\/p>\n<p>2.1 La entidad responsable de la recogida y el tratamiento de los datos personales de los usuarios del sitio web www.sstexteislar.com, es decir, las categor\u00edas de datos recogidos, la forma en que se tratan y los fines para los que se utilizan, es S\u00f3nia  <strong>Silvia Unipessoal LDA, 510705383, Rua do Carvalhido, n\u00ba 142 c\/v, 4590-704 Raimonda &#8211; Pa\u00e7os de Ferreira, en adelante SS T\u00eaxteis Lar.<\/strong><\/p>\n<p>2.2 Autoridad nacional de supervisi\u00f3n<\/p>\n<p>La autoridad nacional de control es la Comisi\u00f3n Nacional de Protecci\u00f3n de Datos (CNPD):<\/p>\n<p>Av. D. Carlos I, 134 &#8211; 1.\u00ba 1200-651 Lisboa; geral@cnpd.pt<\/p>\n<p><strong>3 Tipos de datos personales y fines del tratamiento<\/strong><\/p>\n<p>3.1 Cookies: Este sitio web utiliza cookies para mejorar su servicio. Algunas cookies son esenciales para garantizar las funcionalidades proporcionadas, mientras que otras est\u00e1n destinadas a mejorar el rendimiento y la experiencia del usuario. Las cookies permiten registrar informaci\u00f3n de estado durante la navegaci\u00f3n y cuando se vuelve a un sitio web concreto, manteniendo las sesiones HTTP. No debe seguir accediendo a nuestro sitio web despu\u00e9s de la alerta de cookies si no est\u00e1 de acuerdo con su uso. Para m\u00e1s informaci\u00f3n sobre las cookies que utiliza este sitio web y c\u00f3mo gestionarlas y modificarlas, consulte nuestra Pol\u00edtica de cookies.<\/p>\n<p>3.2Formulario de contacto: si desea ponerse en contacto con SS T\u00eaxteis Lar directamente a trav\u00e9s del sitio web, deber\u00e1 rellenar el formulario previsto a tal efecto, que se encuentra en el men\u00fa &#8220;Contactos&#8221;. Se le pedir\u00e1n algunos datos personales, como su nombre y direcci\u00f3n de correo electr\u00f3nico, ubicaci\u00f3n y datos de contacto. La recogida de estos datos s\u00f3lo tiene por objeto hacer posible responder a su contacto y proporcionarle la informaci\u00f3n que necesita.<\/p>\n<p>3.3 Cuenta de cliente: para crear una cuenta de cliente, se recopilan datos como el nombre, la direcci\u00f3n de correo electr\u00f3nico, la direcci\u00f3n, el n\u00famero de tel\u00e9fono y el n\u00famero de identificaci\u00f3n fiscal. Estos datos son necesarios para la ejecuci\u00f3n del contrato que pueda celebrarse entre usted y SS T\u00eaxteis Lar, as\u00ed como para el cumplimiento de tr\u00e1mites precontractuales.<\/p>\n<p>3.4 Boletines informativos: SS T\u00eaxteis Lar ofrece a los visitantes de su sitio web la posibilidad de suscribirse a un servicio gratuito de boletines informativos. El objetivo de este servicio es poner en conocimiento de sus abonados informaci\u00f3n relevante dentro de las \u00e1reas de inter\u00e9s cubiertas por los servicios prestados por SS T\u00eaxteis Lar. Para utilizar este servicio, deber\u00e1 facilitar su direcci\u00f3n de correo electr\u00f3nico. Puede darse de baja del servicio de boletines en cualquier momento siguiendo las instrucciones que figuran al final de cada bolet\u00edn.<\/p>\n<p>3.5 El Usuario garantiza que los datos personales facilitados a SS T\u00eaxteis Lar son veraces y se hace responsable de comunicar cualquier modificaci\u00f3n en los mismos.<\/p>\n<p><strong>4. suministro de datos a terceros<\/strong><\/p>\n<p>4.1 Sus datos personales podr\u00e1n ser comunicados a terceros proveedores de servicios que ayuden a SS T\u00eaxteis Lar a llevar a cabo su actividad. En caso de que sea necesaria la divulgaci\u00f3n de datos personales a terceros, SS T\u00eaxteis Lar procurar\u00e1, siempre que sea posible, que se indique claramente la divulgaci\u00f3n y el uso previsto de los datos.<\/p>\n<p>4.2 Adem\u00e1s, sus datos personales podr\u00e1n comunicarse a terceros para:<\/p>\n<p>Para cumplir los requisitos impuestos por la ley o por las autoridades gubernamentales o judiciales competentes; para cumplir los requisitos necesarios para iniciar o mantener procedimientos legales o la defensa en una acci\u00f3n legal;<\/p>\n<p>Sus datos personales tambi\u00e9n podr\u00e1n ser comunicados a las autoridades policiales o judiciales, de conformidad con las leyes y reglamentos aplicables y a petici\u00f3n formal de las autoridades, con el fin de prevenir el fraude contra nosotros (servicios antifraude).<\/p>\n<ol>\n<li><strong>Per\u00edodo de conservaci\u00f3n de sus datos<\/strong><\/li>\n<\/ol>\n<p>5.1 Los datos de navegaci\u00f3n s\u00f3lo ser\u00e1n almacenados hasta que las cookies expiren dentro del plazo indicado en nuestra Pol\u00edtica de Cookies y no ser\u00e1n utilizados para finalidades distintas de las indicadas en la misma.<\/p>\n<p>5.2 Los datos que nos env\u00ede a trav\u00e9s de los formularios de contacto disponibles en el sitio web se utilizar\u00e1n \u00fanica y exclusivamente para facilitarle la informaci\u00f3n que nos solicite, y seg\u00fan lo solicitado, as\u00ed como para llevar a cabo las tareas derivadas del contrato que pueda establecerse entre las partes, en el caso de la compra de nuestros productos y gestiones precontractuales.<\/p>\n<p>5.3Informaci\u00f3n de compra: la informaci\u00f3n que utilizamos para procesar el pedido, como la cesta de la compra, la informaci\u00f3n de pago (n\u00famero de tarjeta de cr\u00e9dito), los datos de entrega, la direcci\u00f3n de env\u00edo y facturaci\u00f3n o el n\u00famero de pedido del cliente, tiene como finalidad procesar el pedido, confirmar el pago, entregar los productos solicitados, cambios, devoluciones y reembolsos, cuando proceda.<\/p>\n<p>5.4 La direcci\u00f3n de correo electr\u00f3nico que proporcione para recibir nuestros boletines se almacenar\u00e1 hasta que cancele la suscripci\u00f3n.<\/p>\n<p>5.5 S\u00f3lo conservamos sus datos personales durante el tiempo necesario para cumplir los fines expuestos anteriormente, as\u00ed como para cumplir la legislaci\u00f3n vigente.<\/p>\n<p>5.6 Los datos se anonimizar\u00e1n o eliminar\u00e1n tan pronto como dejen de existir estos fines o expiren los periodos de conservaci\u00f3n definidos.<\/p>\n<ol>\n<li><strong>Almacenamiento de sus datos personales<\/strong><\/li>\n<\/ol>\n<p>Los datos personales recogidos y tratados por SS T\u00eaxteis Lar se almacenan en servidores externos de acceso limitado, ubicados en instalaciones controladas.<\/p>\n<ol>\n<li><strong>Transferencias de datos al extranjero<\/strong><\/li>\n<\/ol>\n<p>En el caso de que la prestaci\u00f3n de determinados servicios por parte de SS T\u00eaxteis Lar implique la transferencia de datos personales de los usuarios fuera de Portugal, SS T\u00eaxteis Lar cumplir\u00e1 estrictamente las disposiciones legales aplicables, concretamente en lo que respecta a la determinaci\u00f3n de la idoneidad de dicho pa\u00eds en materia de protecci\u00f3n de datos personales y los requisitos aplicables a dichas transferencias, respetando siempre las disposiciones e imposiciones de la legislaci\u00f3n portuguesa y de la UE.<\/p>\n<ol>\n<li><strong>Medidas de seguridad<\/strong><\/li>\n<\/ol>\n<p>Para evitar la divulgaci\u00f3n o el acceso no autorizados y garantizar el uso adecuado de los datos personales de los usuarios, SS T\u00eaxteis Lar utiliza procedimientos f\u00edsicos, t\u00e9cnicos y administrativos adecuados y razonables para salvaguardar la informaci\u00f3n que recopila y procesa, con el fin de proteger los datos personales contra su divulgaci\u00f3n, p\u00e9rdida, uso indebido, alteraci\u00f3n, tratamiento o acceso no autorizados, as\u00ed como contra cualquier otra forma de tratamiento il\u00edcito.<\/p>\n<p>Para ello, adem\u00e1s de utilizar el protocolo HTTP sobre una capa adicional de seguridad que utiliza el protocolo SSL\/TLS (HTTPS), su sistema encripta la informaci\u00f3n para garantizar que no sea interceptada cuando se transmite a trav\u00e9s de la red y ha implantado sistemas de autenticaci\u00f3n \/ control de acceso (login y contrase\u00f1a) y el uso de cortafuegos.<\/p>\n<ol>\n<li>Cookies<\/li>\n<\/ol>\n<p>Este sitio web utiliza cookies para mejorar su servicio. Algunas cookies son esenciales para garantizar las funcionalidades proporcionadas, mientras que otras est\u00e1n destinadas a mejorar el rendimiento y la experiencia del usuario. No debe seguir accediendo a nuestro sitio web despu\u00e9s de la alerta de cookies si no est\u00e1 de acuerdo con su uso. Para m\u00e1s informaci\u00f3n sobre las cookies que utiliza este sitio web y c\u00f3mo gestionarlas y modificarlas, consulte nuestra Pol\u00edtica de cookies.<\/p>\n<ol>\n<li><strong>Derechos de los interesados<\/strong><\/li>\n<\/ol>\n<p>De acuerdo con la legislaci\u00f3n vigente, los usuarios tienen derecho a acceder y rectificar sus datos personales, as\u00ed como a solicitar su supresi\u00f3n, oponerse a su tratamiento y obtener su limitaci\u00f3n o portabilidad en la medida en que resulte aplicable.<\/p>\n<p>Tambi\u00e9n puede oponerse a que sus datos se utilicen para crear su perfil de cliente; en este caso, no podr\u00e1 beneficiarse de ofertas o servicios personalizados. Adem\u00e1s, puede solicitar en cualquier momento dejar de recibir nuestras comunicaciones con fines de marketing y publicidad.<\/p>\n<p>Estos derechos pueden ejercerse dirigi\u00e9ndose directamente a SS T\u00eaxteis Lar<\/p>\n<ul>\n<li>por correo: DIRECCI\u00d3N<\/li>\n<li>por correo electr\u00f3nico: <a href=\"mailto:geral@moliday.com.pt\">geral@sstexteislar.com<\/a><\/li>\n<\/ul>\n<p>Si considera que no hemos respetado sus derechos, puede presentar una reclamaci\u00f3n ante la Comisi\u00f3n Nacional de Protecci\u00f3n de Datos (CNPD):<\/p>\n<p>Tel\u00e9fono: +351213928400 &#8211; Fax: +351213976832<\/p>\n<p>Correo electr\u00f3nico: geral@cnpd.pt<\/p>\n<p>Direcci\u00f3n: Rua de S\u00e3o Bento, 148 &#8211; 3\u00ba, 1200-821 Lisboa<\/p>\n<ol>\n<li><strong>Enlace a las redes sociales<\/strong><\/li>\n<\/ol>\n<p>Le permitimos conectarse a redes sociales, pero no somos responsables de sus pol\u00edticas de privacidad y seguridad. Le recomendamos que los compruebe.<\/p>\n<p>Se trata de enlaces a redes sociales externas a SS T\u00eaxteis Lar que est\u00e1n sujetas a sus propias Pol\u00edticas de Privacidad. Estas redes pueden registrar informaci\u00f3n sobre las actividades de los usuarios en Internet, incluido nuestro sitio web.<\/p>\n<p>Recomendamos analizar las condiciones de uso y las pol\u00edticas de privacidad de estas redes sociales para saber exactamente c\u00f3mo utilizan los datos personales de los usuarios, as\u00ed como el procedimiento para eliminar o limitar el tratamiento de estos datos.<\/p>\n<ol>\n<li><strong>Ni\u00f1os<\/strong><\/li>\n<\/ol>\n<p>SS T\u00eaxteis Lar no recoge conscientemente datos personales de menores de dieciocho a\u00f1os. Si es menor de dieciocho a\u00f1os, no nos facilite sus datos personales. Si cree que un menor ha facilitado datos personales a SS T\u00eaxteis Lar, p\u00f3ngase en contacto con nosotros e intentaremos eliminar esos datos personales de nuestras bases de datos.<\/p>\n<ol>\n<li><strong>Legislaci\u00f3n aplicable<\/strong><\/li>\n<\/ol>\n<p>En caso de litigio o reclamaci\u00f3n de cualquier naturaleza relacionada con este sitio web, se aplicar\u00e1 la legislaci\u00f3n portuguesa, con independencia de cualquier conflicto de leyes. Sin perjuicio de la presentaci\u00f3n de una reclamaci\u00f3n ante la autoridad nacional de supervisi\u00f3n identificada en el punto 2.2, las partes acuerdan que todas las acciones o procedimientos legales derivados o relacionados con esta Pol\u00edtica de Privacidad ser\u00e1n competencia de los tribunales portugueses y acuerdan someter cualquier disputa relacionada con este asunto a la jurisdicci\u00f3n del Tribunal Judicial del Distrito de Porto Este.<\/p>\n<ol>\n<li><strong>Actualizaciones de esta pol\u00edtica de privacidad<\/strong><\/li>\n<\/ol>\n<p>Esta pol\u00edtica de privacidad est\u00e1 sujeta a cambios. La fecha de la \u00faltima actualizaci\u00f3n de este documento figura bajo el ep\u00edgrafe &#8220;Actualizado el&#8221;. Las modificaciones de esta Pol\u00edtica de Privacidad entrar\u00e1n en vigor cuando se publiquen en el sitio web.<\/p><\/p>\n\t\t\t\t\t\t<\/div>\n\t\t\t\t<\/div>\n\t\t\t\t\t<\/div>\n\t\t<\/div>\n\t\t\t\t\t\t\t<\/div>\n\t\t<\/section>\n\t\t\t\t\t\t\t<\/div>\n\t\t","protected":false},"excerpt":{"rendered":"<p>Pol\u00edtica de privacidad La presente Pol\u00edtica de Privacidad regula el tratamiento de datos de car\u00e1cter personal que se lleva a cabo en el sitio web www.sstexteislar.com (en lo sucesivo tambi\u00e9n denominado el &#8220;sitio web&#8221;). Los usuarios del sitio web deben leer atentamente la presente Pol\u00edtica de Privacidad cada vez que se propongan utilizar el sitio [&hellip;]<\/p>\n","protected":false},"author":1,"featured_media":0,"parent":0,"menu_order":0,"comment_status":"closed","ping_status":"closed","template":"","meta":{"footnotes":""},"class_list":["post-3134","page","type-page","status-publish","hentry"],"acf":[],"yoast_head":"<!-- This site is optimized with the Yoast SEO Premium plugin v19.5 (Yoast SEO v20.5) - https:\/\/yoast.com\/wordpress\/plugins\/seo\/ -->\n<title>S\u00f3nia S\u00edlvia - T\u00eaxteis Lar - Len\u00e7\u00f3is, Jogos de Cama, Almofadas<\/title>\n<meta name=\"description\" content=\"Com foco na inova\u00e7\u00e3o &amp; qualidade, procura desenvolver artigos com a m\u00e1xima durabilidade, suavidade e conforto.\" \/>\n<meta name=\"robots\" content=\"index, follow, max-snippet:-1, max-image-preview:large, max-video-preview:-1\" \/>\n<link rel=\"canonical\" href=\"https:\/\/www.sstexteislar.com\/es\/politica-de-privacidad\/\" \/>\n<meta property=\"og:locale\" content=\"es_ES\" \/>\n<meta property=\"og:type\" content=\"article\" \/>\n<meta property=\"og:title\" content=\"S\u00f3nia S\u00edlvia - T\u00eaxteis Lar - Len\u00e7\u00f3is, Jogos de Cama, Almofadas\" \/>\n<meta property=\"og:description\" content=\"Com foco na inova\u00e7\u00e3o &amp; qualidade, procura desenvolver artigos com a m\u00e1xima durabilidade, suavidade e conforto.\" \/>\n<meta property=\"og:url\" content=\"https:\/\/www.sstexteislar.com\/es\/politica-de-privacidad\/\" \/>\n<meta property=\"og:site_name\" content=\"S\u00f3nia Silvia - T\u00eaxteis Lar\" \/>\n<meta property=\"article:publisher\" content=\"https:\/\/www.facebook.com\/sstexteislar\" \/>\n<meta property=\"article:modified_time\" content=\"2023-08-28T14:19:02+00:00\" \/>\n<meta name=\"twitter:label1\" content=\"Tiempo de lectura\" \/>\n\t<meta name=\"twitter:data1\" content=\"10 minutos\" \/>\n<script type=\"application\/ld+json\" class=\"yoast-schema-graph\">{\"@context\":\"https:\/\/schema.org\",\"@graph\":[{\"@type\":\"WebPage\",\"@id\":\"https:\/\/www.sstexteislar.com\/es\/politica-de-privacidad\/\",\"url\":\"https:\/\/www.sstexteislar.com\/es\/politica-de-privacidad\/\",\"name\":\"S\u00f3nia S\u00edlvia - T\u00eaxteis Lar - Len\u00e7\u00f3is, Jogos de Cama, Almofadas\",\"isPartOf\":{\"@id\":\"https:\/\/www.sstexteislar.com\/es\/#website\"},\"datePublished\":\"2022-11-26T10:05:11+00:00\",\"dateModified\":\"2023-08-28T14:19:02+00:00\",\"description\":\"Com foco na inova\u00e7\u00e3o & qualidade, procura desenvolver artigos com a m\u00e1xima durabilidade, suavidade e conforto.\",\"breadcrumb\":{\"@id\":\"https:\/\/www.sstexteislar.com\/es\/politica-de-privacidad\/#breadcrumb\"},\"inLanguage\":\"es\",\"potentialAction\":[{\"@type\":\"ReadAction\",\"target\":[\"https:\/\/www.sstexteislar.com\/es\/politica-de-privacidad\/\"]}]},{\"@type\":\"BreadcrumbList\",\"@id\":\"https:\/\/www.sstexteislar.com\/es\/politica-de-privacidad\/#breadcrumb\",\"itemListElement\":[{\"@type\":\"ListItem\",\"position\":1,\"name\":\"In\u00edcio\",\"item\":\"https:\/\/www.sstexteislar.com\/es\/\"},{\"@type\":\"ListItem\",\"position\":2,\"name\":\"Pol\u00edtica de privacidad\"}]},{\"@type\":\"WebSite\",\"@id\":\"https:\/\/www.sstexteislar.com\/es\/#website\",\"url\":\"https:\/\/www.sstexteislar.com\/es\/\",\"name\":\"S\u00f3nia S\u00edlvia - T\u00eaxteis Lar - Len\u00e7\u00f3is, Jogos de Cama, Almofadas\",\"description\":\"\",\"publisher\":{\"@id\":\"https:\/\/www.sstexteislar.com\/es\/#organization\"},\"alternateName\":\"SS T\u00eaxteis Lar\",\"potentialAction\":[{\"@type\":\"SearchAction\",\"target\":{\"@type\":\"EntryPoint\",\"urlTemplate\":\"https:\/\/www.sstexteislar.com\/es\/?s={search_term_string}\"},\"query-input\":\"required name=search_term_string\"}],\"inLanguage\":\"es\"},{\"@type\":\"Organization\",\"@id\":\"https:\/\/www.sstexteislar.com\/es\/#organization\",\"name\":\"S\u00f3nia S\u00edlvia - T\u00eaxteis Lar - Len\u00e7\u00f3is, Jogos de Cama, Almofadas\",\"alternateName\":\"SS T\u00eaxteis Lar\",\"url\":\"https:\/\/www.sstexteislar.com\/es\/\",\"logo\":{\"@type\":\"ImageObject\",\"inLanguage\":\"es\",\"@id\":\"https:\/\/www.sstexteislar.com\/es\/#\/schema\/logo\/image\/\",\"url\":\"https:\/\/www.sstexteislar.com\/wp-content\/uploads\/2022\/11\/cropped-favicon.png\",\"contentUrl\":\"https:\/\/www.sstexteislar.com\/wp-content\/uploads\/2022\/11\/cropped-favicon.png\",\"width\":512,\"height\":512,\"caption\":\"S\u00f3nia S\u00edlvia - T\u00eaxteis Lar - Len\u00e7\u00f3is, Jogos de Cama, Almofadas\"},\"image\":{\"@id\":\"https:\/\/www.sstexteislar.com\/es\/#\/schema\/logo\/image\/\"},\"sameAs\":[\"https:\/\/www.facebook.com\/sstexteislar\",\"https:\/\/www.instagram.com\/sstexteislar\/\"]}]}<\/script>\n<!-- \/ Yoast SEO Premium plugin. -->","yoast_head_json":{"title":"S\u00f3nia S\u00edlvia - T\u00eaxteis Lar - Len\u00e7\u00f3is, Jogos de Cama, Almofadas","description":"Com foco na inova\u00e7\u00e3o & qualidade, procura desenvolver artigos com a m\u00e1xima durabilidade, suavidade e conforto.","robots":{"index":"index","follow":"follow","max-snippet":"max-snippet:-1","max-image-preview":"max-image-preview:large","max-video-preview":"max-video-preview:-1"},"canonical":"https:\/\/www.sstexteislar.com\/es\/politica-de-privacidad\/","og_locale":"es_ES","og_type":"article","og_title":"S\u00f3nia S\u00edlvia - T\u00eaxteis Lar - Len\u00e7\u00f3is, Jogos de Cama, Almofadas","og_description":"Com foco na inova\u00e7\u00e3o & qualidade, procura desenvolver artigos com a m\u00e1xima durabilidade, suavidade e conforto.","og_url":"https:\/\/www.sstexteislar.com\/es\/politica-de-privacidad\/","og_site_name":"S\u00f3nia Silvia - T\u00eaxteis Lar","article_publisher":"https:\/\/www.facebook.com\/sstexteislar","article_modified_time":"2023-08-28T14:19:02+00:00","twitter_misc":{"Tiempo de lectura":"10 minutos"},"schema":{"@context":"https:\/\/schema.org","@graph":[{"@type":"WebPage","@id":"https:\/\/www.sstexteislar.com\/es\/politica-de-privacidad\/","url":"https:\/\/www.sstexteislar.com\/es\/politica-de-privacidad\/","name":"S\u00f3nia S\u00edlvia - T\u00eaxteis Lar - Len\u00e7\u00f3is, Jogos de Cama, Almofadas","isPartOf":{"@id":"https:\/\/www.sstexteislar.com\/es\/#website"},"datePublished":"2022-11-26T10:05:11+00:00","dateModified":"2023-08-28T14:19:02+00:00","description":"Com foco na inova\u00e7\u00e3o & qualidade, procura desenvolver artigos com a m\u00e1xima durabilidade, suavidade e conforto.","breadcrumb":{"@id":"https:\/\/www.sstexteislar.com\/es\/politica-de-privacidad\/#breadcrumb"},"inLanguage":"es","potentialAction":[{"@type":"ReadAction","target":["https:\/\/www.sstexteislar.com\/es\/politica-de-privacidad\/"]}]},{"@type":"BreadcrumbList","@id":"https:\/\/www.sstexteislar.com\/es\/politica-de-privacidad\/#breadcrumb","itemListElement":[{"@type":"ListItem","position":1,"name":"In\u00edcio","item":"https:\/\/www.sstexteislar.com\/es\/"},{"@type":"ListItem","position":2,"name":"Pol\u00edtica de privacidad"}]},{"@type":"WebSite","@id":"https:\/\/www.sstexteislar.com\/es\/#website","url":"https:\/\/www.sstexteislar.com\/es\/","name":"S\u00f3nia S\u00edlvia - T\u00eaxteis Lar - Len\u00e7\u00f3is, Jogos de Cama, Almofadas","description":"","publisher":{"@id":"https:\/\/www.sstexteislar.com\/es\/#organization"},"alternateName":"SS T\u00eaxteis Lar","potentialAction":[{"@type":"SearchAction","target":{"@type":"EntryPoint","urlTemplate":"https:\/\/www.sstexteislar.com\/es\/?s={search_term_string}"},"query-input":"required name=search_term_string"}],"inLanguage":"es"},{"@type":"Organization","@id":"https:\/\/www.sstexteislar.com\/es\/#organization","name":"S\u00f3nia S\u00edlvia - T\u00eaxteis Lar - Len\u00e7\u00f3is, Jogos de Cama, Almofadas","alternateName":"SS T\u00eaxteis Lar","url":"https:\/\/www.sstexteislar.com\/es\/","logo":{"@type":"ImageObject","inLanguage":"es","@id":"https:\/\/www.sstexteislar.com\/es\/#\/schema\/logo\/image\/","url":"https:\/\/www.sstexteislar.com\/wp-content\/uploads\/2022\/11\/cropped-favicon.png","contentUrl":"https:\/\/www.sstexteislar.com\/wp-content\/uploads\/2022\/11\/cropped-favicon.png","width":512,"height":512,"caption":"S\u00f3nia S\u00edlvia - T\u00eaxteis Lar - Len\u00e7\u00f3is, Jogos de Cama, Almofadas"},"image":{"@id":"https:\/\/www.sstexteislar.com\/es\/#\/schema\/logo\/image\/"},"sameAs":["https:\/\/www.facebook.com\/sstexteislar","https:\/\/www.instagram.com\/sstexteislar\/"]}]}},"_links":{"self":[{"href":"https:\/\/www.sstexteislar.com\/es\/wp-json\/wp\/v2\/pages\/3134","targetHints":{"allow":["GET"]}}],"collection":[{"href":"https:\/\/www.sstexteislar.com\/es\/wp-json\/wp\/v2\/pages"}],"about":[{"href":"https:\/\/www.sstexteislar.com\/es\/wp-json\/wp\/v2\/types\/page"}],"author":[{"embeddable":true,"href":"https:\/\/www.sstexteislar.com\/es\/wp-json\/wp\/v2\/users\/1"}],"replies":[{"embeddable":true,"href":"https:\/\/www.sstexteislar.com\/es\/wp-json\/wp\/v2\/comments?post=3134"}],"version-history":[{"count":1,"href":"https:\/\/www.sstexteislar.com\/es\/wp-json\/wp\/v2\/pages\/3134\/revisions"}],"predecessor-version":[{"id":3139,"href":"https:\/\/www.sstexteislar.com\/es\/wp-json\/wp\/v2\/pages\/3134\/revisions\/3139"}],"wp:attachment":[{"href":"https:\/\/www.sstexteislar.com\/es\/wp-json\/wp\/v2\/media?parent=3134"}],"curies":[{"name":"wp","href":"https:\/\/api.w.org\/{rel}","templated":true}]}}