{"id":4124,"date":"2022-11-26T09:14:40","date_gmt":"2022-11-26T09:14:40","guid":{"rendered":"https:\/\/www.sstexteislar.com\/produto\/sabana-cenicienta-2-rollos\/"},"modified":"2022-11-26T09:14:40","modified_gmt":"2022-11-26T09:14:40","slug":"sabana-de-cenicienta-2-rollos","status":"publish","type":"product","link":"https:\/\/www.sstexteislar.com\/es\/produto\/sabana-de-cenicienta-2-rollos\/","title":{"rendered":"S\u00e1bana Cenicienta 2 rollos"},"content":{"rendered":"<p>Sat\u00e9n de 300 hilos;<br \/>\n100% algod\u00f3n<\/p>\n","protected":false},"excerpt":{"rendered":"<p>Sat\u00e9n de 300 hilos;<br \/>\n100% algod\u00f3n<\/p>\n","protected":false},"featured_media":2620,"template":"","meta":[],"product_cat":[274,272],"product_tag":[],"class_list":{"0":"post-4124","1":"product","2":"type-product","3":"status-publish","4":"has-post-thumbnail","5":"hentry","6":"product_cat-hospitalidad","7":"product_cat-lino","swatches":"rey-swatches","show_selected":""},"acf":[],"yoast_head":"<!-- This site is optimized with the Yoast SEO Premium plugin v19.5 (Yoast SEO v20.5) - https:\/\/yoast.com\/wordpress\/plugins\/seo\/ -->\n<title>S\u00f3nia S\u00edlvia - T\u00eaxteis Lar - Len\u00e7\u00f3is, Jogos de Cama, Almofadas<\/title>\n<meta name=\"description\" content=\"Com foco na inova\u00e7\u00e3o &amp; qualidade, procura desenvolver artigos com a m\u00e1xima durabilidade, suavidade e conforto.\" \/>\n<meta name=\"robots\" content=\"index, follow, max-snippet:-1, max-image-preview:large, max-video-preview:-1\" \/>\n<link rel=\"canonical\" href=\"https:\/\/www.sstexteislar.com\/es\/produto\/sabana-de-cenicienta-2-rollos\/\" \/>\n<meta property=\"og:locale\" content=\"es_ES\" \/>\n<meta property=\"og:type\" content=\"article\" \/>\n<meta property=\"og:title\" content=\"S\u00f3nia S\u00edlvia - T\u00eaxteis Lar - Len\u00e7\u00f3is, Jogos de Cama, Almofadas\" \/>\n<meta property=\"og:description\" content=\"Com foco na inova\u00e7\u00e3o &amp; qualidade, procura desenvolver artigos com a m\u00e1xima durabilidade, suavidade e conforto.\" \/>\n<meta property=\"og:url\" content=\"https:\/\/www.sstexteislar.com\/es\/produto\/sabana-de-cenicienta-2-rollos\/\" \/>\n<meta property=\"og:site_name\" content=\"S\u00f3nia Silvia - T\u00eaxteis Lar\" \/>\n<meta property=\"article:publisher\" content=\"https:\/\/www.facebook.com\/sstexteislar\" \/>\n<meta property=\"og:image\" content=\"https:\/\/www.sstexteislar.com\/wp-content\/uploads\/2023\/02\/Cinderela-1.jpg\" \/>\n\t<meta property=\"og:image:width\" content=\"768\" \/>\n\t<meta property=\"og:image:height\" content=\"1024\" \/>\n\t<meta property=\"og:image:type\" content=\"image\/jpeg\" \/>\n<script type=\"application\/ld+json\" class=\"yoast-schema-graph\">{\"@context\":\"https:\/\/schema.org\",\"@graph\":[{\"@type\":\"WebPage\",\"@id\":\"https:\/\/www.sstexteislar.com\/es\/produto\/sabana-de-cenicienta-2-rollos\/\",\"url\":\"https:\/\/www.sstexteislar.com\/es\/produto\/sabana-de-cenicienta-2-rollos\/\",\"name\":\"S\u00f3nia S\u00edlvia - T\u00eaxteis Lar - Len\u00e7\u00f3is, Jogos de Cama, Almofadas\",\"isPartOf\":{\"@id\":\"https:\/\/www.sstexteislar.com\/es\/#website\"},\"datePublished\":\"2022-11-26T09:14:40+00:00\",\"dateModified\":\"2022-11-26T09:14:40+00:00\",\"description\":\"Com foco na inova\u00e7\u00e3o & qualidade, procura desenvolver artigos com a m\u00e1xima durabilidade, suavidade e conforto.\",\"breadcrumb\":{\"@id\":\"https:\/\/www.sstexteislar.com\/es\/produto\/sabana-de-cenicienta-2-rollos\/#breadcrumb\"},\"inLanguage\":\"es\",\"potentialAction\":[{\"@type\":\"ReadAction\",\"target\":[\"https:\/\/www.sstexteislar.com\/es\/produto\/sabana-de-cenicienta-2-rollos\/\"]}]},{\"@type\":\"BreadcrumbList\",\"@id\":\"https:\/\/www.sstexteislar.com\/es\/produto\/sabana-de-cenicienta-2-rollos\/#breadcrumb\",\"itemListElement\":[{\"@type\":\"ListItem\",\"position\":1,\"name\":\"In\u00edcio\",\"item\":\"https:\/\/www.sstexteislar.com\/es\/\"},{\"@type\":\"ListItem\",\"position\":2,\"name\":\"Tienda\",\"item\":\"https:\/\/www.sstexteislar.com\/es\/tienda\/\"},{\"@type\":\"ListItem\",\"position\":3,\"name\":\"S\u00e1bana Cenicienta 2 rollos\"}]},{\"@type\":\"WebSite\",\"@id\":\"https:\/\/www.sstexteislar.com\/es\/#website\",\"url\":\"https:\/\/www.sstexteislar.com\/es\/\",\"name\":\"S\u00f3nia S\u00edlvia - T\u00eaxteis Lar - Len\u00e7\u00f3is, Jogos de Cama, Almofadas\",\"description\":\"\",\"publisher\":{\"@id\":\"https:\/\/www.sstexteislar.com\/es\/#organization\"},\"alternateName\":\"SS T\u00eaxteis Lar\",\"potentialAction\":[{\"@type\":\"SearchAction\",\"target\":{\"@type\":\"EntryPoint\",\"urlTemplate\":\"https:\/\/www.sstexteislar.com\/es\/?s={search_term_string}\"},\"query-input\":\"required name=search_term_string\"}],\"inLanguage\":\"es\"},{\"@type\":\"Organization\",\"@id\":\"https:\/\/www.sstexteislar.com\/es\/#organization\",\"name\":\"S\u00f3nia S\u00edlvia - T\u00eaxteis Lar - Len\u00e7\u00f3is, Jogos de Cama, Almofadas\",\"alternateName\":\"SS T\u00eaxteis Lar\",\"url\":\"https:\/\/www.sstexteislar.com\/es\/\",\"logo\":{\"@type\":\"ImageObject\",\"inLanguage\":\"es\",\"@id\":\"https:\/\/www.sstexteislar.com\/es\/#\/schema\/logo\/image\/\",\"url\":\"https:\/\/www.sstexteislar.com\/wp-content\/uploads\/2022\/11\/cropped-favicon.png\",\"contentUrl\":\"https:\/\/www.sstexteislar.com\/wp-content\/uploads\/2022\/11\/cropped-favicon.png\",\"width\":512,\"height\":512,\"caption\":\"S\u00f3nia S\u00edlvia - T\u00eaxteis Lar - Len\u00e7\u00f3is, Jogos de Cama, Almofadas\"},\"image\":{\"@id\":\"https:\/\/www.sstexteislar.com\/es\/#\/schema\/logo\/image\/\"},\"sameAs\":[\"https:\/\/www.facebook.com\/sstexteislar\",\"https:\/\/www.instagram.com\/sstexteislar\/\"]}]}<\/script>\n<!-- \/ Yoast SEO Premium plugin. -->","yoast_head_json":{"title":"S\u00f3nia S\u00edlvia - T\u00eaxteis Lar - Len\u00e7\u00f3is, Jogos de Cama, Almofadas","description":"Com foco na inova\u00e7\u00e3o & qualidade, procura desenvolver artigos com a m\u00e1xima durabilidade, suavidade e conforto.","robots":{"index":"index","follow":"follow","max-snippet":"max-snippet:-1","max-image-preview":"max-image-preview:large","max-video-preview":"max-video-preview:-1"},"canonical":"https:\/\/www.sstexteislar.com\/es\/produto\/sabana-de-cenicienta-2-rollos\/","og_locale":"es_ES","og_type":"article","og_title":"S\u00f3nia S\u00edlvia - T\u00eaxteis Lar - Len\u00e7\u00f3is, Jogos de Cama, Almofadas","og_description":"Com foco na inova\u00e7\u00e3o & qualidade, procura desenvolver artigos com a m\u00e1xima durabilidade, suavidade e conforto.","og_url":"https:\/\/www.sstexteislar.com\/es\/produto\/sabana-de-cenicienta-2-rollos\/","og_site_name":"S\u00f3nia Silvia - T\u00eaxteis Lar","article_publisher":"https:\/\/www.facebook.com\/sstexteislar","og_image":[{"width":768,"height":1024,"url":"https:\/\/www.sstexteislar.com\/wp-content\/uploads\/2023\/02\/Cinderela-1.jpg","type":"image\/jpeg"}],"schema":{"@context":"https:\/\/schema.org","@graph":[{"@type":"WebPage","@id":"https:\/\/www.sstexteislar.com\/es\/produto\/sabana-de-cenicienta-2-rollos\/","url":"https:\/\/www.sstexteislar.com\/es\/produto\/sabana-de-cenicienta-2-rollos\/","name":"S\u00f3nia S\u00edlvia - T\u00eaxteis Lar - Len\u00e7\u00f3is, Jogos de Cama, Almofadas","isPartOf":{"@id":"https:\/\/www.sstexteislar.com\/es\/#website"},"datePublished":"2022-11-26T09:14:40+00:00","dateModified":"2022-11-26T09:14:40+00:00","description":"Com foco na inova\u00e7\u00e3o & qualidade, procura desenvolver artigos com a m\u00e1xima durabilidade, suavidade e conforto.","breadcrumb":{"@id":"https:\/\/www.sstexteislar.com\/es\/produto\/sabana-de-cenicienta-2-rollos\/#breadcrumb"},"inLanguage":"es","potentialAction":[{"@type":"ReadAction","target":["https:\/\/www.sstexteislar.com\/es\/produto\/sabana-de-cenicienta-2-rollos\/"]}]},{"@type":"BreadcrumbList","@id":"https:\/\/www.sstexteislar.com\/es\/produto\/sabana-de-cenicienta-2-rollos\/#breadcrumb","itemListElement":[{"@type":"ListItem","position":1,"name":"In\u00edcio","item":"https:\/\/www.sstexteislar.com\/es\/"},{"@type":"ListItem","position":2,"name":"Tienda","item":"https:\/\/www.sstexteislar.com\/es\/tienda\/"},{"@type":"ListItem","position":3,"name":"S\u00e1bana Cenicienta 2 rollos"}]},{"@type":"WebSite","@id":"https:\/\/www.sstexteislar.com\/es\/#website","url":"https:\/\/www.sstexteislar.com\/es\/","name":"S\u00f3nia S\u00edlvia - T\u00eaxteis Lar - Len\u00e7\u00f3is, Jogos de Cama, Almofadas","description":"","publisher":{"@id":"https:\/\/www.sstexteislar.com\/es\/#organization"},"alternateName":"SS T\u00eaxteis Lar","potentialAction":[{"@type":"SearchAction","target":{"@type":"EntryPoint","urlTemplate":"https:\/\/www.sstexteislar.com\/es\/?s={search_term_string}"},"query-input":"required name=search_term_string"}],"inLanguage":"es"},{"@type":"Organization","@id":"https:\/\/www.sstexteislar.com\/es\/#organization","name":"S\u00f3nia S\u00edlvia - T\u00eaxteis Lar - Len\u00e7\u00f3is, Jogos de Cama, Almofadas","alternateName":"SS T\u00eaxteis Lar","url":"https:\/\/www.sstexteislar.com\/es\/","logo":{"@type":"ImageObject","inLanguage":"es","@id":"https:\/\/www.sstexteislar.com\/es\/#\/schema\/logo\/image\/","url":"https:\/\/www.sstexteislar.com\/wp-content\/uploads\/2022\/11\/cropped-favicon.png","contentUrl":"https:\/\/www.sstexteislar.com\/wp-content\/uploads\/2022\/11\/cropped-favicon.png","width":512,"height":512,"caption":"S\u00f3nia S\u00edlvia - T\u00eaxteis Lar - Len\u00e7\u00f3is, Jogos de Cama, Almofadas"},"image":{"@id":"https:\/\/www.sstexteislar.com\/es\/#\/schema\/logo\/image\/"},"sameAs":["https:\/\/www.facebook.com\/sstexteislar","https:\/\/www.instagram.com\/sstexteislar\/"]}]}},"_links":{"self":[{"href":"https:\/\/www.sstexteislar.com\/es\/wp-json\/wp\/v2\/product\/4124","targetHints":{"allow":["GET"]}}],"collection":[{"href":"https:\/\/www.sstexteislar.com\/es\/wp-json\/wp\/v2\/product"}],"about":[{"href":"https:\/\/www.sstexteislar.com\/es\/wp-json\/wp\/v2\/types\/product"}],"wp:featuredmedia":[{"embeddable":true,"href":"https:\/\/www.sstexteislar.com\/es\/wp-json\/wp\/v2\/media\/2620"}],"wp:attachment":[{"href":"https:\/\/www.sstexteislar.com\/es\/wp-json\/wp\/v2\/media?parent=4124"}],"wp:term":[{"taxonomy":"product_cat","embeddable":true,"href":"https:\/\/www.sstexteislar.com\/es\/wp-json\/wp\/v2\/product_cat?post=4124"},{"taxonomy":"product_tag","embeddable":true,"href":"https:\/\/www.sstexteislar.com\/es\/wp-json\/wp\/v2\/product_tag?post=4124"}],"curies":[{"name":"wp","href":"https:\/\/api.w.org\/{rel}","templated":true}]}}